{"id":3048,"date":"2024-07-24T12:33:53","date_gmt":"2024-07-24T15:33:53","guid":{"rendered":"https:\/\/lagopuelo.gob.ar\/turismo\/?page_id=3048"},"modified":"2025-09-17T11:09:33","modified_gmt":"2025-09-17T14:09:33","slug":"agregar-establecimiento","status":"publish","type":"page","link":"https:\/\/lagopuelo.gob.ar\/turismo\/agregar-establecimiento\/","title":{"rendered":"Agregar Establecimiento"},"content":{"rendered":"\t\t<div data-elementor-type=\"wp-page\" data-elementor-id=\"3048\" class=\"elementor elementor-3048\" data-elementor-settings=\"{&quot;ha_cmc_init_switcher&quot;:&quot;no&quot;}\" data-elementor-post-type=\"page\">\n\t\t\t\t<div class=\"elementor-element elementor-element-a4dec72 e-flex e-con-boxed e-con e-parent\" data-id=\"a4dec72\" data-element_type=\"container\" data-e-type=\"container\" data-settings=\"{&quot;_ha_eqh_enable&quot;:false}\">\n\t\t\t\t\t<div class=\"e-con-inner\">\n\t\t\t\t<div class=\"elementor-element elementor-element-1ca36cf elementor-widget elementor-widget-heading\" data-id=\"1ca36cf\" data-element_type=\"widget\" data-e-type=\"widget\" data-widget_type=\"heading.default\">\n\t\t\t\t<div class=\"elementor-widget-container\">\n\t\t\t\t\t<h2 class=\"elementor-heading-title elementor-size-default\">\u00bfQu\u00e9 quer\u00e9s publicar?<\/h2>\t\t\t\t<\/div>\n\t\t\t\t<\/div>\n\t\t\t\t<div class=\"elementor-element elementor-element-5ed0121 elementor-widget elementor-widget-case27-add-listing-widget\" data-id=\"5ed0121\" data-element_type=\"widget\" data-e-type=\"widget\" data-widget_type=\"case27-add-listing-widget.default\">\n\t\t\t\t<div class=\"elementor-widget-container\">\n\t\t\t\t\t\r\n\t\r\n<section class=\"i-section choose-type\">\r\n\t<div class=\"container-fluid\">\r\n\t\t<div class=\"row section-body\">\r\n\t\t\t\t\t<div class=\"col-md-4 elementor-repeater-item-dba8228 col-sm-6 col-xs-12 ac-category\">\r\n\t\t\t\t<div class=\"cat-card\">\r\n\t\t\t\t\t<a href=\"https:\/\/lagopuelo.gob.ar\/turismo\/agregar-establecimiento\/?listing_type=alojamientos\">\r\n\t\t\t\t\t\t<div class=\"ac-front-side face\">\r\n\t\t\t\t\t\t\t<div class=\"hovering-c\">\r\n\t\t\t\t\t\t\t\t<span class=\"cat-icon\" style=\"color: #fff;\">\r\n\t\t\t\t\t\t\t\t\t\t\t\t<i class=\"icon-hotel-bed-1\"><\/i>\r\n\t\t\t\t\t\t\t\t\t\t<\/span>\r\n\t\t\t\t\t\t\t\t<span class=\"category-name\">Alojamiento<\/span>\r\n\t\t\t\t\t\t\t<\/div>\r\n\t\t\t\t\t\t<\/div>\r\n\t\t\t\t\t\t<div class=\"ac-back-side face\">\r\n\t\t\t\t\t\t\t<div class=\"hovering-c\">\r\n\t\t\t\t\t\t\t\t<p>Elegir<\/p>\r\n\t\t\t\t\t\t\t<\/div>\r\n\t\t\t\t\t\t<\/div>\r\n\t\t\t\t\t<\/a>\r\n\t\t\t\t<\/div>\r\n\t\t\t<\/div>\r\n\t\t\t\t\t<div class=\"col-md-4 elementor-repeater-item-dba8228 elementor-repeater-item-4025d85 col-sm-6 col-xs-12 ac-category\">\r\n\t\t\t\t<div class=\"cat-card\">\r\n\t\t\t\t\t<a href=\"https:\/\/lagopuelo.gob.ar\/turismo\/agregar-establecimiento\/?listing_type=comida\">\r\n\t\t\t\t\t\t<div class=\"ac-front-side face\">\r\n\t\t\t\t\t\t\t<div class=\"hovering-c\">\r\n\t\t\t\t\t\t\t\t<span class=\"cat-icon\" style=\"color: #fff;\">\r\n\t\t\t\t\t\t\t\t\t\t\t\t<i class=\"mi local_dining\"><\/i>\r\n\t\t\t\t\t\t\t\t\t\t<\/span>\r\n\t\t\t\t\t\t\t\t<span class=\"category-name\">Comida<\/span>\r\n\t\t\t\t\t\t\t<\/div>\r\n\t\t\t\t\t\t<\/div>\r\n\t\t\t\t\t\t<div class=\"ac-back-side face\">\r\n\t\t\t\t\t\t\t<div class=\"hovering-c\">\r\n\t\t\t\t\t\t\t\t<p>Elegir<\/p>\r\n\t\t\t\t\t\t\t<\/div>\r\n\t\t\t\t\t\t<\/div>\r\n\t\t\t\t\t<\/a>\r\n\t\t\t\t<\/div>\r\n\t\t\t<\/div>\r\n\t\t\t\t\t<div class=\"col-md-4 elementor-repeater-item-dba8228 elementor-repeater-item-4025d85 elementor-repeater-item-579e4ba col-sm-6 col-xs-12 ac-category\">\r\n\t\t\t\t<div class=\"cat-card\">\r\n\t\t\t\t\t<a href=\"https:\/\/lagopuelo.gob.ar\/turismo\/agregar-establecimiento\/?listing_type=actividades\">\r\n\t\t\t\t\t\t<div class=\"ac-front-side face\">\r\n\t\t\t\t\t\t\t<div class=\"hovering-c\">\r\n\t\t\t\t\t\t\t\t<span class=\"cat-icon\" style=\"color: #fff;\">\r\n\t\t\t\t\t\t\t\t\t\t\t\t<i class=\"mi directions_boat\"><\/i>\r\n\t\t\t\t\t\t\t\t\t\t<\/span>\r\n\t\t\t\t\t\t\t\t<span class=\"category-name\">Actividad<\/span>\r\n\t\t\t\t\t\t\t<\/div>\r\n\t\t\t\t\t\t<\/div>\r\n\t\t\t\t\t\t<div class=\"ac-back-side face\">\r\n\t\t\t\t\t\t\t<div class=\"hovering-c\">\r\n\t\t\t\t\t\t\t\t<p>Elegir<\/p>\r\n\t\t\t\t\t\t\t<\/div>\r\n\t\t\t\t\t\t<\/div>\r\n\t\t\t\t\t<\/a>\r\n\t\t\t\t<\/div>\r\n\t\t\t<\/div>\r\n\t\t\t\t\t<div class=\"col-md-4 elementor-repeater-item-dba8228 elementor-repeater-item-4025d85 elementor-repeater-item-579e4ba elementor-repeater-item-818b641 col-sm-6 col-xs-12 ac-category\">\r\n\t\t\t\t<div class=\"cat-card\">\r\n\t\t\t\t\t<a href=\"https:\/\/lagopuelo.gob.ar\/turismo\/agregar-establecimiento\/?listing_type=promociones\">\r\n\t\t\t\t\t\t<div class=\"ac-front-side face\">\r\n\t\t\t\t\t\t\t<div class=\"hovering-c\">\r\n\t\t\t\t\t\t\t\t<span class=\"cat-icon\" style=\"color: #fff;\">\r\n\t\t\t\t\t\t\t\t\t\t\t\t<i class=\"mi local_activity\"><\/i>\r\n\t\t\t\t\t\t\t\t\t\t<\/span>\r\n\t\t\t\t\t\t\t\t<span class=\"category-name\">Promoci\u00f3n<\/span>\r\n\t\t\t\t\t\t\t<\/div>\r\n\t\t\t\t\t\t<\/div>\r\n\t\t\t\t\t\t<div class=\"ac-back-side face\">\r\n\t\t\t\t\t\t\t<div class=\"hovering-c\">\r\n\t\t\t\t\t\t\t\t<p>Elegir<\/p>\r\n\t\t\t\t\t\t\t<\/div>\r\n\t\t\t\t\t\t<\/div>\r\n\t\t\t\t\t<\/a>\r\n\t\t\t\t<\/div>\r\n\t\t\t<\/div>\r\n\t\t\t\t\t<div class=\"col-md-4 elementor-repeater-item-dba8228 elementor-repeater-item-4025d85 elementor-repeater-item-579e4ba elementor-repeater-item-818b641 elementor-repeater-item-30777ba col-sm-6 col-xs-12 ac-category\">\r\n\t\t\t\t<div class=\"cat-card\">\r\n\t\t\t\t\t<a href=\"https:\/\/lagopuelo.gob.ar\/turismo\/agregar-establecimiento\/?listing_type=eventos\">\r\n\t\t\t\t\t\t<div class=\"ac-front-side face\">\r\n\t\t\t\t\t\t\t<div class=\"hovering-c\">\r\n\t\t\t\t\t\t\t\t<span class=\"cat-icon\" style=\"color: #fff;\">\r\n\t\t\t\t\t\t\t\t\t\t\t\t<i class=\"mi local_activity\"><\/i>\r\n\t\t\t\t\t\t\t\t\t\t<\/span>\r\n\t\t\t\t\t\t\t\t<span class=\"category-name\">Evento<\/span>\r\n\t\t\t\t\t\t\t<\/div>\r\n\t\t\t\t\t\t<\/div>\r\n\t\t\t\t\t\t<div class=\"ac-back-side face\">\r\n\t\t\t\t\t\t\t<div class=\"hovering-c\">\r\n\t\t\t\t\t\t\t\t<p>Elegir<\/p>\r\n\t\t\t\t\t\t\t<\/div>\r\n\t\t\t\t\t\t<\/div>\r\n\t\t\t\t\t<\/a>\r\n\t\t\t\t<\/div>\r\n\t\t\t<\/div>\r\n\t\t\t\t<\/div>\r\n\t<\/div>\r\n<\/section>\r\n\t\t\t\t<\/div>\n\t\t\t\t<\/div>\n\t\t\t\t\t<\/div>\n\t\t\t\t<\/div>\n\t\t\t\t<\/div>\n\t\t","protected":false},"excerpt":{"rendered":"<p>\u00bfQu\u00e9 quer\u00e9s publicar?<\/p>\n","protected":false},"author":1,"featured_media":2846,"parent":0,"menu_order":0,"comment_status":"closed","ping_status":"closed","template":"","meta":{"footnotes":""},"class_list":["post-3048","page","type-page","status-publish","has-post-thumbnail","hentry"],"yoast_head":"<!-- This site is optimized with the Yoast SEO plugin v27.3 - https:\/\/yoast.com\/product\/yoast-seo-wordpress\/ -->\n<title>Agregar Establecimiento - Lago Puelo - Todo el A\u00f1o - Turismo<\/title>\n<meta name=\"description\" content=\"Sitio Oficial de la Direcci\u00f3n de Turismo Lago Puelo - Encontr\u00e1 todo para tu estad\u00eda en Lago Puelo, actividades, alojamiento y m\u00e1s.\" \/>\n<meta name=\"robots\" content=\"index, follow, max-snippet:-1, max-image-preview:large, max-video-preview:-1\" \/>\n<link rel=\"canonical\" href=\"https:\/\/lagopuelo.gob.ar\/turismo\/agregar-establecimiento\/\" \/>\n<meta property=\"og:locale\" content=\"es_ES\" \/>\n<meta property=\"og:type\" content=\"article\" \/>\n<meta property=\"og:title\" content=\"Agregar Establecimiento - Lago Puelo - Todo el A\u00f1o - Turismo\" \/>\n<meta property=\"og:description\" content=\"Sitio Oficial de la Direcci\u00f3n de Turismo Lago Puelo - Encontr\u00e1 todo para tu estad\u00eda en Lago Puelo, actividades, alojamiento y m\u00e1s.\" \/>\n<meta property=\"og:url\" content=\"https:\/\/lagopuelo.gob.ar\/turismo\/agregar-establecimiento\/\" \/>\n<meta property=\"og:site_name\" content=\"Lago Puelo - Todo el A\u00f1o - Turismo\" \/>\n<meta property=\"article:publisher\" content=\"https:\/\/www.facebook.com\/LagoPueloTurismo\/\" \/>\n<meta property=\"article:modified_time\" content=\"2025-09-17T14:09:33+00:00\" \/>\n<meta property=\"og:image\" content=\"https:\/\/lagopuelo.gob.ar\/turismo\/wp-content\/uploads\/2024\/07\/puelo.png\" \/>\n\t<meta property=\"og:image:width\" content=\"422\" \/>\n\t<meta property=\"og:image:height\" content=\"421\" \/>\n\t<meta property=\"og:image:type\" content=\"image\/png\" \/>\n<meta name=\"twitter:card\" content=\"summary_large_image\" \/>\n<meta name=\"twitter:label1\" content=\"Tiempo de lectura\" \/>\n\t<meta name=\"twitter:data1\" content=\"1 minuto\" \/>\n<script type=\"application\/ld+json\" class=\"yoast-schema-graph\">{\"@context\":\"https:\\\/\\\/schema.org\",\"@graph\":[{\"@type\":\"WebPage\",\"@id\":\"https:\\\/\\\/lagopuelo.gob.ar\\\/turismo\\\/agregar-establecimiento\\\/\",\"url\":\"https:\\\/\\\/lagopuelo.gob.ar\\\/turismo\\\/agregar-establecimiento\\\/\",\"name\":\"Agregar Establecimiento - Lago Puelo - Todo el A\u00f1o - Turismo\",\"isPartOf\":{\"@id\":\"https:\\\/\\\/lagopuelo.gob.ar\\\/turismo\\\/#website\"},\"primaryImageOfPage\":{\"@id\":\"https:\\\/\\\/lagopuelo.gob.ar\\\/turismo\\\/agregar-establecimiento\\\/#primaryimage\"},\"image\":{\"@id\":\"https:\\\/\\\/lagopuelo.gob.ar\\\/turismo\\\/agregar-establecimiento\\\/#primaryimage\"},\"thumbnailUrl\":\"https:\\\/\\\/lagopuelo.gob.ar\\\/turismo\\\/wp-content\\\/uploads\\\/2024\\\/07\\\/puelo.png\",\"datePublished\":\"2024-07-24T15:33:53+00:00\",\"dateModified\":\"2025-09-17T14:09:33+00:00\",\"description\":\"Sitio Oficial de la Direcci\u00f3n de Turismo Lago Puelo - Encontr\u00e1 todo para tu estad\u00eda en Lago Puelo, actividades, alojamiento y m\u00e1s.\",\"breadcrumb\":{\"@id\":\"https:\\\/\\\/lagopuelo.gob.ar\\\/turismo\\\/agregar-establecimiento\\\/#breadcrumb\"},\"inLanguage\":\"es\",\"potentialAction\":[{\"@type\":\"ReadAction\",\"target\":[\"https:\\\/\\\/lagopuelo.gob.ar\\\/turismo\\\/agregar-establecimiento\\\/\"]}]},{\"@type\":\"ImageObject\",\"inLanguage\":\"es\",\"@id\":\"https:\\\/\\\/lagopuelo.gob.ar\\\/turismo\\\/agregar-establecimiento\\\/#primaryimage\",\"url\":\"https:\\\/\\\/lagopuelo.gob.ar\\\/turismo\\\/wp-content\\\/uploads\\\/2024\\\/07\\\/puelo.png\",\"contentUrl\":\"https:\\\/\\\/lagopuelo.gob.ar\\\/turismo\\\/wp-content\\\/uploads\\\/2024\\\/07\\\/puelo.png\",\"width\":422,\"height\":421},{\"@type\":\"BreadcrumbList\",\"@id\":\"https:\\\/\\\/lagopuelo.gob.ar\\\/turismo\\\/agregar-establecimiento\\\/#breadcrumb\",\"itemListElement\":[{\"@type\":\"ListItem\",\"position\":1,\"name\":\"Portada\",\"item\":\"https:\\\/\\\/lagopuelo.gob.ar\\\/turismo\\\/\"},{\"@type\":\"ListItem\",\"position\":2,\"name\":\"Agregar Establecimiento\"}]},{\"@type\":\"WebSite\",\"@id\":\"https:\\\/\\\/lagopuelo.gob.ar\\\/turismo\\\/#website\",\"url\":\"https:\\\/\\\/lagopuelo.gob.ar\\\/turismo\\\/\",\"name\":\"Lago Puelo - Turismo\",\"description\":\"Sitio Oficial de la Direcci\u00f3n de Turismo Lago Puelo - Encontr\u00e1 todo para tu estad\u00eda en Lago Puelo, actividades, alojamiento y m\u00e1s.\",\"publisher\":{\"@id\":\"https:\\\/\\\/lagopuelo.gob.ar\\\/turismo\\\/#organization\"},\"potentialAction\":[{\"@type\":\"SearchAction\",\"target\":{\"@type\":\"EntryPoint\",\"urlTemplate\":\"https:\\\/\\\/lagopuelo.gob.ar\\\/turismo\\\/?s={search_term_string}\"},\"query-input\":{\"@type\":\"PropertyValueSpecification\",\"valueRequired\":true,\"valueName\":\"search_term_string\"}}],\"inLanguage\":\"es\"},{\"@type\":\"Organization\",\"@id\":\"https:\\\/\\\/lagopuelo.gob.ar\\\/turismo\\\/#organization\",\"name\":\"Lago Puelo - Todo el A\u00f1o - Turismo\",\"alternateName\":\"Turismo Municipalidad de Lago Puelo\",\"url\":\"https:\\\/\\\/lagopuelo.gob.ar\\\/turismo\\\/\",\"logo\":{\"@type\":\"ImageObject\",\"inLanguage\":\"es\",\"@id\":\"https:\\\/\\\/lagopuelo.gob.ar\\\/turismo\\\/#\\\/schema\\\/logo\\\/image\\\/\",\"url\":\"https:\\\/\\\/lagopuelo.gob.ar\\\/turismo\\\/wp-content\\\/uploads\\\/2024\\\/07\\\/puelo-1.png\",\"contentUrl\":\"https:\\\/\\\/lagopuelo.gob.ar\\\/turismo\\\/wp-content\\\/uploads\\\/2024\\\/07\\\/puelo-1.png\",\"width\":422,\"height\":421,\"caption\":\"Lago Puelo - Todo el A\u00f1o - Turismo\"},\"image\":{\"@id\":\"https:\\\/\\\/lagopuelo.gob.ar\\\/turismo\\\/#\\\/schema\\\/logo\\\/image\\\/\"},\"sameAs\":[\"https:\\\/\\\/www.facebook.com\\\/LagoPueloTurismo\\\/\"]}]}<\/script>\n<!-- \/ Yoast SEO plugin. -->","yoast_head_json":{"title":"Agregar Establecimiento - Lago Puelo - Todo el A\u00f1o - Turismo","description":"Sitio Oficial de la Direcci\u00f3n de Turismo Lago Puelo - Encontr\u00e1 todo para tu estad\u00eda en Lago Puelo, actividades, alojamiento y m\u00e1s.","robots":{"index":"index","follow":"follow","max-snippet":"max-snippet:-1","max-image-preview":"max-image-preview:large","max-video-preview":"max-video-preview:-1"},"canonical":"https:\/\/lagopuelo.gob.ar\/turismo\/agregar-establecimiento\/","og_locale":"es_ES","og_type":"article","og_title":"Agregar Establecimiento - Lago Puelo - Todo el A\u00f1o - Turismo","og_description":"Sitio Oficial de la Direcci\u00f3n de Turismo Lago Puelo - Encontr\u00e1 todo para tu estad\u00eda en Lago Puelo, actividades, alojamiento y m\u00e1s.","og_url":"https:\/\/lagopuelo.gob.ar\/turismo\/agregar-establecimiento\/","og_site_name":"Lago Puelo - Todo el A\u00f1o - Turismo","article_publisher":"https:\/\/www.facebook.com\/LagoPueloTurismo\/","article_modified_time":"2025-09-17T14:09:33+00:00","og_image":[{"width":422,"height":421,"url":"https:\/\/lagopuelo.gob.ar\/turismo\/wp-content\/uploads\/2024\/07\/puelo.png","type":"image\/png"}],"twitter_card":"summary_large_image","twitter_misc":{"Tiempo de lectura":"1 minuto"},"schema":{"@context":"https:\/\/schema.org","@graph":[{"@type":"WebPage","@id":"https:\/\/lagopuelo.gob.ar\/turismo\/agregar-establecimiento\/","url":"https:\/\/lagopuelo.gob.ar\/turismo\/agregar-establecimiento\/","name":"Agregar Establecimiento - Lago Puelo - Todo el A\u00f1o - Turismo","isPartOf":{"@id":"https:\/\/lagopuelo.gob.ar\/turismo\/#website"},"primaryImageOfPage":{"@id":"https:\/\/lagopuelo.gob.ar\/turismo\/agregar-establecimiento\/#primaryimage"},"image":{"@id":"https:\/\/lagopuelo.gob.ar\/turismo\/agregar-establecimiento\/#primaryimage"},"thumbnailUrl":"https:\/\/lagopuelo.gob.ar\/turismo\/wp-content\/uploads\/2024\/07\/puelo.png","datePublished":"2024-07-24T15:33:53+00:00","dateModified":"2025-09-17T14:09:33+00:00","description":"Sitio Oficial de la Direcci\u00f3n de Turismo Lago Puelo - Encontr\u00e1 todo para tu estad\u00eda en Lago Puelo, actividades, alojamiento y m\u00e1s.","breadcrumb":{"@id":"https:\/\/lagopuelo.gob.ar\/turismo\/agregar-establecimiento\/#breadcrumb"},"inLanguage":"es","potentialAction":[{"@type":"ReadAction","target":["https:\/\/lagopuelo.gob.ar\/turismo\/agregar-establecimiento\/"]}]},{"@type":"ImageObject","inLanguage":"es","@id":"https:\/\/lagopuelo.gob.ar\/turismo\/agregar-establecimiento\/#primaryimage","url":"https:\/\/lagopuelo.gob.ar\/turismo\/wp-content\/uploads\/2024\/07\/puelo.png","contentUrl":"https:\/\/lagopuelo.gob.ar\/turismo\/wp-content\/uploads\/2024\/07\/puelo.png","width":422,"height":421},{"@type":"BreadcrumbList","@id":"https:\/\/lagopuelo.gob.ar\/turismo\/agregar-establecimiento\/#breadcrumb","itemListElement":[{"@type":"ListItem","position":1,"name":"Portada","item":"https:\/\/lagopuelo.gob.ar\/turismo\/"},{"@type":"ListItem","position":2,"name":"Agregar Establecimiento"}]},{"@type":"WebSite","@id":"https:\/\/lagopuelo.gob.ar\/turismo\/#website","url":"https:\/\/lagopuelo.gob.ar\/turismo\/","name":"Lago Puelo - Turismo","description":"Sitio Oficial de la Direcci\u00f3n de Turismo Lago Puelo - Encontr\u00e1 todo para tu estad\u00eda en Lago Puelo, actividades, alojamiento y m\u00e1s.","publisher":{"@id":"https:\/\/lagopuelo.gob.ar\/turismo\/#organization"},"potentialAction":[{"@type":"SearchAction","target":{"@type":"EntryPoint","urlTemplate":"https:\/\/lagopuelo.gob.ar\/turismo\/?s={search_term_string}"},"query-input":{"@type":"PropertyValueSpecification","valueRequired":true,"valueName":"search_term_string"}}],"inLanguage":"es"},{"@type":"Organization","@id":"https:\/\/lagopuelo.gob.ar\/turismo\/#organization","name":"Lago Puelo - Todo el A\u00f1o - Turismo","alternateName":"Turismo Municipalidad de Lago Puelo","url":"https:\/\/lagopuelo.gob.ar\/turismo\/","logo":{"@type":"ImageObject","inLanguage":"es","@id":"https:\/\/lagopuelo.gob.ar\/turismo\/#\/schema\/logo\/image\/","url":"https:\/\/lagopuelo.gob.ar\/turismo\/wp-content\/uploads\/2024\/07\/puelo-1.png","contentUrl":"https:\/\/lagopuelo.gob.ar\/turismo\/wp-content\/uploads\/2024\/07\/puelo-1.png","width":422,"height":421,"caption":"Lago Puelo - Todo el A\u00f1o - Turismo"},"image":{"@id":"https:\/\/lagopuelo.gob.ar\/turismo\/#\/schema\/logo\/image\/"},"sameAs":["https:\/\/www.facebook.com\/LagoPueloTurismo\/"]}]}},"acf":[],"_links":{"self":[{"href":"https:\/\/lagopuelo.gob.ar\/turismo\/wp-json\/wp\/v2\/pages\/3048","targetHints":{"allow":["GET"]}}],"collection":[{"href":"https:\/\/lagopuelo.gob.ar\/turismo\/wp-json\/wp\/v2\/pages"}],"about":[{"href":"https:\/\/lagopuelo.gob.ar\/turismo\/wp-json\/wp\/v2\/types\/page"}],"author":[{"embeddable":true,"href":"https:\/\/lagopuelo.gob.ar\/turismo\/wp-json\/wp\/v2\/users\/1"}],"replies":[{"embeddable":true,"href":"https:\/\/lagopuelo.gob.ar\/turismo\/wp-json\/wp\/v2\/comments?post=3048"}],"version-history":[{"count":22,"href":"https:\/\/lagopuelo.gob.ar\/turismo\/wp-json\/wp\/v2\/pages\/3048\/revisions"}],"predecessor-version":[{"id":5082,"href":"https:\/\/lagopuelo.gob.ar\/turismo\/wp-json\/wp\/v2\/pages\/3048\/revisions\/5082"}],"wp:featuredmedia":[{"embeddable":true,"href":"https:\/\/lagopuelo.gob.ar\/turismo\/wp-json\/wp\/v2\/media\/2846"}],"wp:attachment":[{"href":"https:\/\/lagopuelo.gob.ar\/turismo\/wp-json\/wp\/v2\/media?parent=3048"}],"curies":[{"name":"wp","href":"https:\/\/api.w.org\/{rel}","templated":true}]}}