{"id":2806,"date":"2024-07-22T13:14:09","date_gmt":"2024-07-22T16:14:09","guid":{"rendered":"https:\/\/lagopuelo.gob.ar\/turismo\/wordpress\/?page_id=2806"},"modified":"2025-08-22T10:28:02","modified_gmt":"2025-08-22T13:28:02","slug":"registro-de-trekking","status":"publish","type":"page","link":"https:\/\/lagopuelo.gob.ar\/turismo\/registro-de-trekking\/","title":{"rendered":"Registro de Trekking"},"content":{"rendered":"\t\t<div data-elementor-type=\"wp-page\" data-elementor-id=\"2806\" class=\"elementor elementor-2806\" data-elementor-settings=\"{&quot;ha_cmc_init_switcher&quot;:&quot;no&quot;}\" data-elementor-post-type=\"page\">\n\t\t\t\t<div class=\"elementor-element elementor-element-25ab7ce e-flex e-con-boxed e-con e-parent\" data-id=\"25ab7ce\" data-element_type=\"container\" data-e-type=\"container\" data-settings=\"{&quot;background_background&quot;:&quot;classic&quot;,&quot;shape_divider_bottom&quot;:&quot;pyramids&quot;,&quot;_ha_eqh_enable&quot;:false}\">\n\t\t\t\t\t<div class=\"e-con-inner\">\n\t\t\t\t<div class=\"elementor-shape elementor-shape-bottom\" aria-hidden=\"true\" data-negative=\"false\">\n\t\t\t<svg xmlns=\"http:\/\/www.w3.org\/2000\/svg\" viewBox=\"0 0 1000 100\" preserveAspectRatio=\"none\">\n\t<path class=\"elementor-shape-fill\" d=\"M761.9,44.1L643.1,27.2L333.8,98L0,3.8V0l1000,0v3.9\"\/>\n<\/svg>\t\t<\/div>\n\t\t\t\t<div class=\"elementor-element elementor-element-e4a9291 elementor-widget elementor-widget-html\" data-id=\"e4a9291\" data-element_type=\"widget\" data-e-type=\"widget\" data-widget_type=\"html.default\">\n\t\t\t\t<div class=\"elementor-widget-container\">\n\t\t\t\t\t<iframe loading=\"lazy\" src=\"https:\/\/docs.google.com\/forms\/d\/1rFvaOK3wCqQWUYsDalNimAjDyL90sxlUtVZdP-qyHuw\/viewform?embedded=true\" width=\"1000\" height=\"3000\" frameborder=\"0\" marginheight=\"0\" marginwidth=\"0\" overflow= \"false\">Cargando\u2026<\/iframe>\t\t\t\t<\/div>\n\t\t\t\t<\/div>\n\t\t\t\t\t<\/div>\n\t\t\t\t<\/div>\n\t\t\t\t<\/div>\n\t\t","protected":false},"excerpt":{"rendered":"<p>Cargando\u2026<\/p>\n","protected":false},"author":1,"featured_media":583,"parent":0,"menu_order":0,"comment_status":"closed","ping_status":"closed","template":"","meta":{"footnotes":""},"class_list":["post-2806","page","type-page","status-publish","has-post-thumbnail","hentry"],"yoast_head":"<!-- This site is optimized with the Yoast SEO plugin v27.3 - https:\/\/yoast.com\/product\/yoast-seo-wordpress\/ -->\n<title>Registro de Trekking - Lago Puelo - Todo el A\u00f1o - Turismo<\/title>\n<meta name=\"description\" content=\"Sitio Oficial de la Direcci\u00f3n de Turismo Lago Puelo - Encontr\u00e1 todo para tu estad\u00eda en Lago Puelo, actividades, alojamiento y m\u00e1s.\" \/>\n<meta name=\"robots\" content=\"index, follow, max-snippet:-1, max-image-preview:large, max-video-preview:-1\" \/>\n<link rel=\"canonical\" href=\"https:\/\/lagopuelo.gob.ar\/turismo\/registro-de-trekking\/\" \/>\n<meta property=\"og:locale\" content=\"es_ES\" \/>\n<meta property=\"og:type\" content=\"article\" \/>\n<meta property=\"og:title\" content=\"Registro de Trekking - Lago Puelo - Todo el A\u00f1o - Turismo\" \/>\n<meta property=\"og:description\" content=\"Sitio Oficial de la Direcci\u00f3n de Turismo Lago Puelo - Encontr\u00e1 todo para tu estad\u00eda en Lago Puelo, actividades, alojamiento y m\u00e1s.\" \/>\n<meta property=\"og:url\" content=\"https:\/\/lagopuelo.gob.ar\/turismo\/registro-de-trekking\/\" \/>\n<meta property=\"og:site_name\" content=\"Lago Puelo - Todo el A\u00f1o - Turismo\" \/>\n<meta property=\"article:publisher\" content=\"https:\/\/www.facebook.com\/LagoPueloTurismo\/\" \/>\n<meta property=\"article:modified_time\" content=\"2025-08-22T13:28:02+00:00\" \/>\n<meta property=\"og:image\" content=\"https:\/\/lagopuelo.gob.ar\/turismo\/wp-content\/uploads\/2023\/12\/img_8879-scaled.jpg\" \/>\n\t<meta property=\"og:image:width\" content=\"1920\" \/>\n\t<meta property=\"og:image:height\" content=\"2560\" \/>\n\t<meta property=\"og:image:type\" content=\"image\/jpeg\" \/>\n<meta name=\"twitter:card\" content=\"summary_large_image\" \/>\n<meta name=\"twitter:label1\" content=\"Tiempo de lectura\" \/>\n\t<meta name=\"twitter:data1\" content=\"1 minuto\" \/>\n<script type=\"application\/ld+json\" class=\"yoast-schema-graph\">{\"@context\":\"https:\\\/\\\/schema.org\",\"@graph\":[{\"@type\":\"WebPage\",\"@id\":\"https:\\\/\\\/lagopuelo.gob.ar\\\/turismo\\\/registro-de-trekking\\\/\",\"url\":\"https:\\\/\\\/lagopuelo.gob.ar\\\/turismo\\\/registro-de-trekking\\\/\",\"name\":\"Registro de Trekking - Lago Puelo - Todo el A\u00f1o - Turismo\",\"isPartOf\":{\"@id\":\"https:\\\/\\\/lagopuelo.gob.ar\\\/turismo\\\/#website\"},\"primaryImageOfPage\":{\"@id\":\"https:\\\/\\\/lagopuelo.gob.ar\\\/turismo\\\/registro-de-trekking\\\/#primaryimage\"},\"image\":{\"@id\":\"https:\\\/\\\/lagopuelo.gob.ar\\\/turismo\\\/registro-de-trekking\\\/#primaryimage\"},\"thumbnailUrl\":\"https:\\\/\\\/lagopuelo.gob.ar\\\/turismo\\\/wp-content\\\/uploads\\\/2023\\\/12\\\/img_8879-scaled.jpg\",\"datePublished\":\"2024-07-22T16:14:09+00:00\",\"dateModified\":\"2025-08-22T13:28:02+00:00\",\"description\":\"Sitio Oficial de la Direcci\u00f3n de Turismo Lago Puelo - Encontr\u00e1 todo para tu estad\u00eda en Lago Puelo, actividades, alojamiento y m\u00e1s.\",\"breadcrumb\":{\"@id\":\"https:\\\/\\\/lagopuelo.gob.ar\\\/turismo\\\/registro-de-trekking\\\/#breadcrumb\"},\"inLanguage\":\"es\",\"potentialAction\":[{\"@type\":\"ReadAction\",\"target\":[\"https:\\\/\\\/lagopuelo.gob.ar\\\/turismo\\\/registro-de-trekking\\\/\"]}]},{\"@type\":\"ImageObject\",\"inLanguage\":\"es\",\"@id\":\"https:\\\/\\\/lagopuelo.gob.ar\\\/turismo\\\/registro-de-trekking\\\/#primaryimage\",\"url\":\"https:\\\/\\\/lagopuelo.gob.ar\\\/turismo\\\/wp-content\\\/uploads\\\/2023\\\/12\\\/img_8879-scaled.jpg\",\"contentUrl\":\"https:\\\/\\\/lagopuelo.gob.ar\\\/turismo\\\/wp-content\\\/uploads\\\/2023\\\/12\\\/img_8879-scaled.jpg\",\"width\":1920,\"height\":2560},{\"@type\":\"BreadcrumbList\",\"@id\":\"https:\\\/\\\/lagopuelo.gob.ar\\\/turismo\\\/registro-de-trekking\\\/#breadcrumb\",\"itemListElement\":[{\"@type\":\"ListItem\",\"position\":1,\"name\":\"Portada\",\"item\":\"https:\\\/\\\/lagopuelo.gob.ar\\\/turismo\\\/\"},{\"@type\":\"ListItem\",\"position\":2,\"name\":\"Registro de Trekking\"}]},{\"@type\":\"WebSite\",\"@id\":\"https:\\\/\\\/lagopuelo.gob.ar\\\/turismo\\\/#website\",\"url\":\"https:\\\/\\\/lagopuelo.gob.ar\\\/turismo\\\/\",\"name\":\"Lago Puelo - Turismo\",\"description\":\"Sitio Oficial de la Direcci\u00f3n de Turismo Lago Puelo - Encontr\u00e1 todo para tu estad\u00eda en Lago Puelo, actividades, alojamiento y m\u00e1s.\",\"publisher\":{\"@id\":\"https:\\\/\\\/lagopuelo.gob.ar\\\/turismo\\\/#organization\"},\"potentialAction\":[{\"@type\":\"SearchAction\",\"target\":{\"@type\":\"EntryPoint\",\"urlTemplate\":\"https:\\\/\\\/lagopuelo.gob.ar\\\/turismo\\\/?s={search_term_string}\"},\"query-input\":{\"@type\":\"PropertyValueSpecification\",\"valueRequired\":true,\"valueName\":\"search_term_string\"}}],\"inLanguage\":\"es\"},{\"@type\":\"Organization\",\"@id\":\"https:\\\/\\\/lagopuelo.gob.ar\\\/turismo\\\/#organization\",\"name\":\"Lago Puelo - Todo el A\u00f1o - Turismo\",\"alternateName\":\"Turismo Municipalidad de Lago Puelo\",\"url\":\"https:\\\/\\\/lagopuelo.gob.ar\\\/turismo\\\/\",\"logo\":{\"@type\":\"ImageObject\",\"inLanguage\":\"es\",\"@id\":\"https:\\\/\\\/lagopuelo.gob.ar\\\/turismo\\\/#\\\/schema\\\/logo\\\/image\\\/\",\"url\":\"https:\\\/\\\/lagopuelo.gob.ar\\\/turismo\\\/wp-content\\\/uploads\\\/2024\\\/07\\\/puelo-1.png\",\"contentUrl\":\"https:\\\/\\\/lagopuelo.gob.ar\\\/turismo\\\/wp-content\\\/uploads\\\/2024\\\/07\\\/puelo-1.png\",\"width\":422,\"height\":421,\"caption\":\"Lago Puelo - Todo el A\u00f1o - Turismo\"},\"image\":{\"@id\":\"https:\\\/\\\/lagopuelo.gob.ar\\\/turismo\\\/#\\\/schema\\\/logo\\\/image\\\/\"},\"sameAs\":[\"https:\\\/\\\/www.facebook.com\\\/LagoPueloTurismo\\\/\"]}]}<\/script>\n<!-- \/ Yoast SEO plugin. -->","yoast_head_json":{"title":"Registro de Trekking - Lago Puelo - Todo el A\u00f1o - Turismo","description":"Sitio Oficial de la Direcci\u00f3n de Turismo Lago Puelo - Encontr\u00e1 todo para tu estad\u00eda en Lago Puelo, actividades, alojamiento y m\u00e1s.","robots":{"index":"index","follow":"follow","max-snippet":"max-snippet:-1","max-image-preview":"max-image-preview:large","max-video-preview":"max-video-preview:-1"},"canonical":"https:\/\/lagopuelo.gob.ar\/turismo\/registro-de-trekking\/","og_locale":"es_ES","og_type":"article","og_title":"Registro de Trekking - Lago Puelo - Todo el A\u00f1o - Turismo","og_description":"Sitio Oficial de la Direcci\u00f3n de Turismo Lago Puelo - Encontr\u00e1 todo para tu estad\u00eda en Lago Puelo, actividades, alojamiento y m\u00e1s.","og_url":"https:\/\/lagopuelo.gob.ar\/turismo\/registro-de-trekking\/","og_site_name":"Lago Puelo - Todo el A\u00f1o - Turismo","article_publisher":"https:\/\/www.facebook.com\/LagoPueloTurismo\/","article_modified_time":"2025-08-22T13:28:02+00:00","og_image":[{"width":1920,"height":2560,"url":"https:\/\/lagopuelo.gob.ar\/turismo\/wp-content\/uploads\/2023\/12\/img_8879-scaled.jpg","type":"image\/jpeg"}],"twitter_card":"summary_large_image","twitter_misc":{"Tiempo de lectura":"1 minuto"},"schema":{"@context":"https:\/\/schema.org","@graph":[{"@type":"WebPage","@id":"https:\/\/lagopuelo.gob.ar\/turismo\/registro-de-trekking\/","url":"https:\/\/lagopuelo.gob.ar\/turismo\/registro-de-trekking\/","name":"Registro de Trekking - Lago Puelo - Todo el A\u00f1o - Turismo","isPartOf":{"@id":"https:\/\/lagopuelo.gob.ar\/turismo\/#website"},"primaryImageOfPage":{"@id":"https:\/\/lagopuelo.gob.ar\/turismo\/registro-de-trekking\/#primaryimage"},"image":{"@id":"https:\/\/lagopuelo.gob.ar\/turismo\/registro-de-trekking\/#primaryimage"},"thumbnailUrl":"https:\/\/lagopuelo.gob.ar\/turismo\/wp-content\/uploads\/2023\/12\/img_8879-scaled.jpg","datePublished":"2024-07-22T16:14:09+00:00","dateModified":"2025-08-22T13:28:02+00:00","description":"Sitio Oficial de la Direcci\u00f3n de Turismo Lago Puelo - Encontr\u00e1 todo para tu estad\u00eda en Lago Puelo, actividades, alojamiento y m\u00e1s.","breadcrumb":{"@id":"https:\/\/lagopuelo.gob.ar\/turismo\/registro-de-trekking\/#breadcrumb"},"inLanguage":"es","potentialAction":[{"@type":"ReadAction","target":["https:\/\/lagopuelo.gob.ar\/turismo\/registro-de-trekking\/"]}]},{"@type":"ImageObject","inLanguage":"es","@id":"https:\/\/lagopuelo.gob.ar\/turismo\/registro-de-trekking\/#primaryimage","url":"https:\/\/lagopuelo.gob.ar\/turismo\/wp-content\/uploads\/2023\/12\/img_8879-scaled.jpg","contentUrl":"https:\/\/lagopuelo.gob.ar\/turismo\/wp-content\/uploads\/2023\/12\/img_8879-scaled.jpg","width":1920,"height":2560},{"@type":"BreadcrumbList","@id":"https:\/\/lagopuelo.gob.ar\/turismo\/registro-de-trekking\/#breadcrumb","itemListElement":[{"@type":"ListItem","position":1,"name":"Portada","item":"https:\/\/lagopuelo.gob.ar\/turismo\/"},{"@type":"ListItem","position":2,"name":"Registro de Trekking"}]},{"@type":"WebSite","@id":"https:\/\/lagopuelo.gob.ar\/turismo\/#website","url":"https:\/\/lagopuelo.gob.ar\/turismo\/","name":"Lago Puelo - Turismo","description":"Sitio Oficial de la Direcci\u00f3n de Turismo Lago Puelo - Encontr\u00e1 todo para tu estad\u00eda en Lago Puelo, actividades, alojamiento y m\u00e1s.","publisher":{"@id":"https:\/\/lagopuelo.gob.ar\/turismo\/#organization"},"potentialAction":[{"@type":"SearchAction","target":{"@type":"EntryPoint","urlTemplate":"https:\/\/lagopuelo.gob.ar\/turismo\/?s={search_term_string}"},"query-input":{"@type":"PropertyValueSpecification","valueRequired":true,"valueName":"search_term_string"}}],"inLanguage":"es"},{"@type":"Organization","@id":"https:\/\/lagopuelo.gob.ar\/turismo\/#organization","name":"Lago Puelo - Todo el A\u00f1o - Turismo","alternateName":"Turismo Municipalidad de Lago Puelo","url":"https:\/\/lagopuelo.gob.ar\/turismo\/","logo":{"@type":"ImageObject","inLanguage":"es","@id":"https:\/\/lagopuelo.gob.ar\/turismo\/#\/schema\/logo\/image\/","url":"https:\/\/lagopuelo.gob.ar\/turismo\/wp-content\/uploads\/2024\/07\/puelo-1.png","contentUrl":"https:\/\/lagopuelo.gob.ar\/turismo\/wp-content\/uploads\/2024\/07\/puelo-1.png","width":422,"height":421,"caption":"Lago Puelo - Todo el A\u00f1o - Turismo"},"image":{"@id":"https:\/\/lagopuelo.gob.ar\/turismo\/#\/schema\/logo\/image\/"},"sameAs":["https:\/\/www.facebook.com\/LagoPueloTurismo\/"]}]}},"acf":[],"_links":{"self":[{"href":"https:\/\/lagopuelo.gob.ar\/turismo\/wp-json\/wp\/v2\/pages\/2806","targetHints":{"allow":["GET"]}}],"collection":[{"href":"https:\/\/lagopuelo.gob.ar\/turismo\/wp-json\/wp\/v2\/pages"}],"about":[{"href":"https:\/\/lagopuelo.gob.ar\/turismo\/wp-json\/wp\/v2\/types\/page"}],"author":[{"embeddable":true,"href":"https:\/\/lagopuelo.gob.ar\/turismo\/wp-json\/wp\/v2\/users\/1"}],"replies":[{"embeddable":true,"href":"https:\/\/lagopuelo.gob.ar\/turismo\/wp-json\/wp\/v2\/comments?post=2806"}],"version-history":[{"count":19,"href":"https:\/\/lagopuelo.gob.ar\/turismo\/wp-json\/wp\/v2\/pages\/2806\/revisions"}],"predecessor-version":[{"id":5008,"href":"https:\/\/lagopuelo.gob.ar\/turismo\/wp-json\/wp\/v2\/pages\/2806\/revisions\/5008"}],"wp:featuredmedia":[{"embeddable":true,"href":"https:\/\/lagopuelo.gob.ar\/turismo\/wp-json\/wp\/v2\/media\/583"}],"wp:attachment":[{"href":"https:\/\/lagopuelo.gob.ar\/turismo\/wp-json\/wp\/v2\/media?parent=2806"}],"curies":[{"name":"wp","href":"https:\/\/api.w.org\/{rel}","templated":true}]}}