{"id":11,"date":"2023-11-27T15:08:07","date_gmt":"2023-11-27T14:08:07","guid":{"rendered":"https:\/\/plataformaandina.com.ar\/puelo\/index.php\/my-account\/"},"modified":"2024-04-12T12:22:43","modified_gmt":"2024-04-12T15:22:43","slug":"mi-cuenta","status":"publish","type":"page","link":"https:\/\/lagopuelo.gob.ar\/turismo\/mi-cuenta\/","title":{"rendered":"Mi Cuenta"},"content":{"rendered":"\t\t<div data-elementor-type=\"wp-page\" data-elementor-id=\"11\" class=\"elementor elementor-11\" data-elementor-settings=\"{&quot;ha_cmc_init_switcher&quot;:&quot;no&quot;}\" data-elementor-post-type=\"page\">\n\t\t\t\t<div class=\"elementor-element elementor-element-33cdfc4d e-con-full e-flex e-con e-parent\" data-id=\"33cdfc4d\" data-element_type=\"container\" data-e-type=\"container\" data-settings=\"{&quot;_ha_eqh_enable&quot;:false}\">\n\t\t\t\t<div class=\"elementor-element elementor-element-3d3130b elementor-widget elementor-widget-shortcode\" data-id=\"3d3130b\" data-element_type=\"widget\" data-e-type=\"widget\" data-widget_type=\"shortcode.default\">\n\t\t\t\t<div class=\"elementor-widget-container\">\n\t\t\t\t\t\t\t<div class=\"elementor-shortcode\"><div class=\"woocommerce\"><\/div><\/div>\n\t\t\t\t\t\t<\/div>\n\t\t\t\t<\/div>\n\t\t\t\t<\/div>\n\t\t\t\t<\/div>\n\t\t","protected":false},"excerpt":{"rendered":"","protected":false},"author":1,"featured_media":0,"parent":0,"menu_order":0,"comment_status":"closed","ping_status":"closed","template":"","meta":{"footnotes":""},"class_list":["post-11","page","type-page","status-publish","hentry"],"yoast_head":"<!-- This site is optimized with the Yoast SEO plugin v27.3 - https:\/\/yoast.com\/product\/yoast-seo-wordpress\/ -->\n<title>Mi Cuenta - Lago Puelo - Todo el A\u00f1o - Turismo<\/title>\n<meta name=\"description\" content=\"Sitio Oficial de la Direcci\u00f3n de Turismo Lago Puelo - Encontr\u00e1 todo para tu estad\u00eda en Lago Puelo, actividades, alojamiento y m\u00e1s.\" \/>\n<meta name=\"robots\" content=\"index, follow, max-snippet:-1, max-image-preview:large, max-video-preview:-1\" \/>\n<link rel=\"canonical\" href=\"https:\/\/lagopuelo.gob.ar\/turismo\/mi-cuenta\/\" \/>\n<meta property=\"og:locale\" content=\"es_ES\" \/>\n<meta property=\"og:type\" content=\"article\" \/>\n<meta property=\"og:title\" content=\"Mi Cuenta - Lago Puelo - Todo el A\u00f1o - Turismo\" \/>\n<meta property=\"og:description\" content=\"Sitio Oficial de la Direcci\u00f3n de Turismo Lago Puelo - Encontr\u00e1 todo para tu estad\u00eda en Lago Puelo, actividades, alojamiento y m\u00e1s.\" \/>\n<meta property=\"og:url\" content=\"https:\/\/lagopuelo.gob.ar\/turismo\/mi-cuenta\/\" \/>\n<meta property=\"og:site_name\" content=\"Lago Puelo - Todo el A\u00f1o - Turismo\" \/>\n<meta property=\"article:publisher\" content=\"https:\/\/www.facebook.com\/LagoPueloTurismo\/\" \/>\n<meta property=\"article:modified_time\" content=\"2024-04-12T15:22:43+00:00\" \/>\n<meta property=\"og:image\" content=\"https:\/\/lagopuelo.gob.ar\/turismo\/wp-content\/uploads\/2024\/07\/puelo.png\" \/>\n\t<meta property=\"og:image:width\" content=\"422\" \/>\n\t<meta property=\"og:image:height\" content=\"421\" \/>\n\t<meta property=\"og:image:type\" content=\"image\/png\" \/>\n<meta name=\"twitter:card\" content=\"summary_large_image\" \/>\n<script type=\"application\/ld+json\" class=\"yoast-schema-graph\">{\"@context\":\"https:\\\/\\\/schema.org\",\"@graph\":[{\"@type\":\"WebPage\",\"@id\":\"https:\\\/\\\/lagopuelo.gob.ar\\\/turismo\\\/mi-cuenta\\\/\",\"url\":\"https:\\\/\\\/lagopuelo.gob.ar\\\/turismo\\\/mi-cuenta\\\/\",\"name\":\"Mi Cuenta - Lago Puelo - Todo el A\u00f1o - Turismo\",\"isPartOf\":{\"@id\":\"https:\\\/\\\/lagopuelo.gob.ar\\\/turismo\\\/#website\"},\"datePublished\":\"2023-11-27T14:08:07+00:00\",\"dateModified\":\"2024-04-12T15:22:43+00:00\",\"description\":\"Sitio Oficial de la Direcci\u00f3n de Turismo Lago Puelo - Encontr\u00e1 todo para tu estad\u00eda en Lago Puelo, actividades, alojamiento y m\u00e1s.\",\"breadcrumb\":{\"@id\":\"https:\\\/\\\/lagopuelo.gob.ar\\\/turismo\\\/mi-cuenta\\\/#breadcrumb\"},\"inLanguage\":\"es\",\"potentialAction\":[{\"@type\":\"ReadAction\",\"target\":[\"https:\\\/\\\/lagopuelo.gob.ar\\\/turismo\\\/mi-cuenta\\\/\"]}]},{\"@type\":\"BreadcrumbList\",\"@id\":\"https:\\\/\\\/lagopuelo.gob.ar\\\/turismo\\\/mi-cuenta\\\/#breadcrumb\",\"itemListElement\":[{\"@type\":\"ListItem\",\"position\":1,\"name\":\"Portada\",\"item\":\"https:\\\/\\\/lagopuelo.gob.ar\\\/turismo\\\/\"},{\"@type\":\"ListItem\",\"position\":2,\"name\":\"Mi Cuenta\"}]},{\"@type\":\"WebSite\",\"@id\":\"https:\\\/\\\/lagopuelo.gob.ar\\\/turismo\\\/#website\",\"url\":\"https:\\\/\\\/lagopuelo.gob.ar\\\/turismo\\\/\",\"name\":\"Lago Puelo - Turismo\",\"description\":\"Sitio Oficial de la Direcci\u00f3n de Turismo Lago Puelo - Encontr\u00e1 todo para tu estad\u00eda en Lago Puelo, actividades, alojamiento y m\u00e1s.\",\"publisher\":{\"@id\":\"https:\\\/\\\/lagopuelo.gob.ar\\\/turismo\\\/#organization\"},\"potentialAction\":[{\"@type\":\"SearchAction\",\"target\":{\"@type\":\"EntryPoint\",\"urlTemplate\":\"https:\\\/\\\/lagopuelo.gob.ar\\\/turismo\\\/?s={search_term_string}\"},\"query-input\":{\"@type\":\"PropertyValueSpecification\",\"valueRequired\":true,\"valueName\":\"search_term_string\"}}],\"inLanguage\":\"es\"},{\"@type\":\"Organization\",\"@id\":\"https:\\\/\\\/lagopuelo.gob.ar\\\/turismo\\\/#organization\",\"name\":\"Lago Puelo - Todo el A\u00f1o - Turismo\",\"alternateName\":\"Turismo Municipalidad de Lago Puelo\",\"url\":\"https:\\\/\\\/lagopuelo.gob.ar\\\/turismo\\\/\",\"logo\":{\"@type\":\"ImageObject\",\"inLanguage\":\"es\",\"@id\":\"https:\\\/\\\/lagopuelo.gob.ar\\\/turismo\\\/#\\\/schema\\\/logo\\\/image\\\/\",\"url\":\"https:\\\/\\\/lagopuelo.gob.ar\\\/turismo\\\/wp-content\\\/uploads\\\/2024\\\/07\\\/puelo-1.png\",\"contentUrl\":\"https:\\\/\\\/lagopuelo.gob.ar\\\/turismo\\\/wp-content\\\/uploads\\\/2024\\\/07\\\/puelo-1.png\",\"width\":422,\"height\":421,\"caption\":\"Lago Puelo - Todo el A\u00f1o - Turismo\"},\"image\":{\"@id\":\"https:\\\/\\\/lagopuelo.gob.ar\\\/turismo\\\/#\\\/schema\\\/logo\\\/image\\\/\"},\"sameAs\":[\"https:\\\/\\\/www.facebook.com\\\/LagoPueloTurismo\\\/\"]}]}<\/script>\n<!-- \/ Yoast SEO plugin. -->","yoast_head_json":{"title":"Mi Cuenta - Lago Puelo - Todo el A\u00f1o - Turismo","description":"Sitio Oficial de la Direcci\u00f3n de Turismo Lago Puelo - Encontr\u00e1 todo para tu estad\u00eda en Lago Puelo, actividades, alojamiento y m\u00e1s.","robots":{"index":"index","follow":"follow","max-snippet":"max-snippet:-1","max-image-preview":"max-image-preview:large","max-video-preview":"max-video-preview:-1"},"canonical":"https:\/\/lagopuelo.gob.ar\/turismo\/mi-cuenta\/","og_locale":"es_ES","og_type":"article","og_title":"Mi Cuenta - Lago Puelo - Todo el A\u00f1o - Turismo","og_description":"Sitio Oficial de la Direcci\u00f3n de Turismo Lago Puelo - Encontr\u00e1 todo para tu estad\u00eda en Lago Puelo, actividades, alojamiento y m\u00e1s.","og_url":"https:\/\/lagopuelo.gob.ar\/turismo\/mi-cuenta\/","og_site_name":"Lago Puelo - Todo el A\u00f1o - Turismo","article_publisher":"https:\/\/www.facebook.com\/LagoPueloTurismo\/","article_modified_time":"2024-04-12T15:22:43+00:00","og_image":[{"width":422,"height":421,"url":"https:\/\/lagopuelo.gob.ar\/turismo\/wp-content\/uploads\/2024\/07\/puelo.png","type":"image\/png"}],"twitter_card":"summary_large_image","schema":{"@context":"https:\/\/schema.org","@graph":[{"@type":"WebPage","@id":"https:\/\/lagopuelo.gob.ar\/turismo\/mi-cuenta\/","url":"https:\/\/lagopuelo.gob.ar\/turismo\/mi-cuenta\/","name":"Mi Cuenta - Lago Puelo - Todo el A\u00f1o - Turismo","isPartOf":{"@id":"https:\/\/lagopuelo.gob.ar\/turismo\/#website"},"datePublished":"2023-11-27T14:08:07+00:00","dateModified":"2024-04-12T15:22:43+00:00","description":"Sitio Oficial de la Direcci\u00f3n de Turismo Lago Puelo - Encontr\u00e1 todo para tu estad\u00eda en Lago Puelo, actividades, alojamiento y m\u00e1s.","breadcrumb":{"@id":"https:\/\/lagopuelo.gob.ar\/turismo\/mi-cuenta\/#breadcrumb"},"inLanguage":"es","potentialAction":[{"@type":"ReadAction","target":["https:\/\/lagopuelo.gob.ar\/turismo\/mi-cuenta\/"]}]},{"@type":"BreadcrumbList","@id":"https:\/\/lagopuelo.gob.ar\/turismo\/mi-cuenta\/#breadcrumb","itemListElement":[{"@type":"ListItem","position":1,"name":"Portada","item":"https:\/\/lagopuelo.gob.ar\/turismo\/"},{"@type":"ListItem","position":2,"name":"Mi Cuenta"}]},{"@type":"WebSite","@id":"https:\/\/lagopuelo.gob.ar\/turismo\/#website","url":"https:\/\/lagopuelo.gob.ar\/turismo\/","name":"Lago Puelo - Turismo","description":"Sitio Oficial de la Direcci\u00f3n de Turismo Lago Puelo - Encontr\u00e1 todo para tu estad\u00eda en Lago Puelo, actividades, alojamiento y m\u00e1s.","publisher":{"@id":"https:\/\/lagopuelo.gob.ar\/turismo\/#organization"},"potentialAction":[{"@type":"SearchAction","target":{"@type":"EntryPoint","urlTemplate":"https:\/\/lagopuelo.gob.ar\/turismo\/?s={search_term_string}"},"query-input":{"@type":"PropertyValueSpecification","valueRequired":true,"valueName":"search_term_string"}}],"inLanguage":"es"},{"@type":"Organization","@id":"https:\/\/lagopuelo.gob.ar\/turismo\/#organization","name":"Lago Puelo - Todo el A\u00f1o - Turismo","alternateName":"Turismo Municipalidad de Lago Puelo","url":"https:\/\/lagopuelo.gob.ar\/turismo\/","logo":{"@type":"ImageObject","inLanguage":"es","@id":"https:\/\/lagopuelo.gob.ar\/turismo\/#\/schema\/logo\/image\/","url":"https:\/\/lagopuelo.gob.ar\/turismo\/wp-content\/uploads\/2024\/07\/puelo-1.png","contentUrl":"https:\/\/lagopuelo.gob.ar\/turismo\/wp-content\/uploads\/2024\/07\/puelo-1.png","width":422,"height":421,"caption":"Lago Puelo - Todo el A\u00f1o - Turismo"},"image":{"@id":"https:\/\/lagopuelo.gob.ar\/turismo\/#\/schema\/logo\/image\/"},"sameAs":["https:\/\/www.facebook.com\/LagoPueloTurismo\/"]}]}},"acf":[],"_links":{"self":[{"href":"https:\/\/lagopuelo.gob.ar\/turismo\/wp-json\/wp\/v2\/pages\/11","targetHints":{"allow":["GET"]}}],"collection":[{"href":"https:\/\/lagopuelo.gob.ar\/turismo\/wp-json\/wp\/v2\/pages"}],"about":[{"href":"https:\/\/lagopuelo.gob.ar\/turismo\/wp-json\/wp\/v2\/types\/page"}],"author":[{"embeddable":true,"href":"https:\/\/lagopuelo.gob.ar\/turismo\/wp-json\/wp\/v2\/users\/1"}],"replies":[{"embeddable":true,"href":"https:\/\/lagopuelo.gob.ar\/turismo\/wp-json\/wp\/v2\/comments?post=11"}],"version-history":[{"count":46,"href":"https:\/\/lagopuelo.gob.ar\/turismo\/wp-json\/wp\/v2\/pages\/11\/revisions"}],"predecessor-version":[{"id":1310,"href":"https:\/\/lagopuelo.gob.ar\/turismo\/wp-json\/wp\/v2\/pages\/11\/revisions\/1310"}],"wp:attachment":[{"href":"https:\/\/lagopuelo.gob.ar\/turismo\/wp-json\/wp\/v2\/media?parent=11"}],"curies":[{"name":"wp","href":"https:\/\/api.w.org\/{rel}","templated":true}]}}